{"id":71,"date":"2022-04-09T18:28:46","date_gmt":"2022-04-09T18:28:46","guid":{"rendered":"https:\/\/demo.indithemes.com\/it-residence-pro\/?page_id=71"},"modified":"2024-12-04T06:43:36","modified_gmt":"2024-12-04T06:43:36","slug":"contact-us","status":"publish","type":"page","link":"https:\/\/asialiving.co\/en\/contact-us\/","title":{"rendered":"Contact Us"},"content":{"rendered":"<p>Ask us a question about the property you are looking for. Just fill out the form and we will contact you and advise you on everything. In addition to the traditional method of contact, you can call us on WhatsApp. We can be reached at +48538101861<\/p>\n\n\n<div class=\"wp-block-contact-form-7-contact-form-selector is-style-reach-out\"><div class=\"wpforms-container wpforms-container-full wpforms-render-modern\" id=\"wpforms-320\"><form id=\"wpforms-form-320\" class=\"wpforms-validate wpforms-form wpforms-ajax-form\" data-formid=\"320\" method=\"post\" enctype=\"multipart\/form-data\" action=\"\/en\/wp-json\/wp\/v2\/pages\/71\" data-token=\"453e4edfd6837a68c208ee2ee8344cf7\" data-token-time=\"1776222637\" data-trp-original-action=\"\/en\/wp-json\/wp\/v2\/pages\/71\"><noscript class=\"wpforms-error-noscript\">Please enable JavaScript in your browser to complete this form.<\/noscript><div class=\"wpforms-hidden\" id=\"wpforms-error-noscript\">Please enable JavaScript in your browser to complete this form.<\/div><div class=\"wpforms-field-container\"><div id=\"wpforms-320-field_0-container\" class=\"wpforms-field wpforms-field-name\" data-field-id=\"0\"><fieldset><legend class=\"wpforms-field-label\">Name <span class=\"wpforms-required-label\" aria-hidden=\"true\">*<\/span><\/legend><div class=\"wpforms-field-row wpforms-field-medium\"><div class=\"wpforms-field-row-block wpforms-first wpforms-one-half\"><input type=\"text\" id=\"wpforms-320-field_0\" class=\"wpforms-field-name-first wpforms-field-required\" name=\"wpforms[fields][0][first]\" aria-errormessage=\"wpforms-320-field_0-error\" required><label for=\"wpforms-320-field_0\" class=\"wpforms-field-sublabel after\">First<\/label><\/div><div class=\"wpforms-field-row-block wpforms-one-half\"><input type=\"text\" id=\"wpforms-320-field_0-last\" class=\"wpforms-field-name-last wpforms-field-required\" name=\"wpforms[fields][0][last]\" aria-errormessage=\"wpforms-320-field_0-last-error\" required><label for=\"wpforms-320-field_0-last\" class=\"wpforms-field-sublabel after\">Last<\/label><\/div><\/div><\/fieldset><\/div><div id=\"wpforms-320-field_1-container\" class=\"wpforms-field wpforms-field-email\" data-field-id=\"1\"><label class=\"wpforms-field-label\" for=\"wpforms-320-field_1\">E-mail address <span class=\"wpforms-required-label\" aria-hidden=\"true\">*<\/span><\/label><input type=\"email\" id=\"wpforms-320-field_1\" class=\"wpforms-field-medium wpforms-field-required\" name=\"wpforms[fields][1]\" spellcheck=\"false\" aria-errormessage=\"wpforms-320-field_1-error\" required><\/div><div id=\"wpforms-320-field_2-container\" class=\"wpforms-field wpforms-field-textarea\" data-field-id=\"2\"><label class=\"wpforms-field-label\" for=\"wpforms-320-field_2\">Comment or message<\/label><textarea id=\"wpforms-320-field_2\" class=\"wpforms-field-medium\" name=\"wpforms[fields][2]\" aria-errormessage=\"wpforms-320-field_2-error\" ><\/textarea><\/div><\/div><!-- .wpforms-field-container --><div class=\"wpforms-submit-container\" ><input type=\"hidden\" name=\"wpforms[id]\" value=\"320\"><input type=\"hidden\" name=\"page_title\" value=\"\"><input type=\"hidden\" name=\"page_url\" value=\"https:\/\/asialiving.co\/en\/wp-json\/wp\/v2\/pages\/71\"><button type=\"submit\" name=\"wpforms[submit]\" id=\"wpforms-submit-320\" class=\"wpforms-submit\" data-alt-text=\"Wysy\u0142anie...\" data-submit-text=\"Prze\u015blij\" aria-live=\"assertive\" value=\"wpforms-submit\">Send<\/button><img loading=\"lazy\" decoding=\"async\" src=\"https:\/\/asialiving.co\/wp-content\/plugins\/wpforms\/assets\/images\/submit-spin.svg\" class=\"wpforms-submit-spinner\" style=\"display: none;\" width=\"26\" height=\"26\" alt=\"Loading\"><\/div><input type=\"hidden\" name=\"trp-form-language\" value=\"en\"\/><\/form><\/div>  <!-- .wpforms-container --><\/div>","protected":false},"excerpt":{"rendered":"<p>Ask us a question about the property you are looking for. Just fill out the form and we will contact you and advise you on everything. In addition to the traditional method of contact, you can call us on WhatsApp. We can be reached at +48538101861<\/p>","protected":false},"author":1,"featured_media":0,"parent":0,"menu_order":0,"comment_status":"closed","ping_status":"closed","template":"","meta":{"footnotes":""},"yoast_head":"<!-- This site is optimized with the Yoast SEO Premium plugin v22.2 (Yoast SEO v23.0) - https:\/\/yoast.com\/wordpress\/plugins\/seo\/ -->\n<title>Skontaktuj si\u0119 z nami - AsiaLiving.co<\/title>\n<meta name=\"description\" content=\"Skontaktuj si\u0119 z nami i otrzymaj informacje na temat nieruchomo\u015bci i ciekawych inwestycji w Tajlandii. Kompleksowa obs\u0142uga zapewniona!\" \/>\n<meta name=\"robots\" content=\"index, follow, max-snippet:-1, max-image-preview:large, max-video-preview:-1\" \/>\n<link rel=\"canonical\" href=\"https:\/\/asialiving.co\/en\/contact-us\/\" \/>\n<meta property=\"og:locale\" content=\"en_US\" \/>\n<meta property=\"og:type\" content=\"article\" \/>\n<meta property=\"og:title\" content=\"Skontaktuj si\u0119 z nami - AsiaLiving.co\" \/>\n<meta property=\"og:description\" content=\"Skontaktuj si\u0119 z nami i otrzymaj informacje na temat nieruchomo\u015bci i ciekawych inwestycji w Tajlandii. Kompleksowa obs\u0142uga zapewniona!\" \/>\n<meta property=\"og:url\" content=\"https:\/\/asialiving.co\/en\/contact-us\/\" \/>\n<meta property=\"og:site_name\" content=\"AsiaLiving.co\" \/>\n<meta property=\"article:modified_time\" content=\"2024-12-04T06:43:36+00:00\" \/>\n<meta name=\"twitter:card\" content=\"summary_large_image\" \/>\n<meta name=\"twitter:title\" content=\"Skontaktuj si\u0119 z nami - AsiaLiving.co\" \/>\n<meta name=\"twitter:description\" content=\"Skontaktuj si\u0119 z nami i otrzymaj informacje na temat nieruchomo\u015bci i ciekawych inwestycji w Tajlandii. Kompleksowa obs\u0142uga zapewniona!\" \/>\n<meta name=\"twitter:label1\" content=\"Est. reading time\" \/>\n\t<meta name=\"twitter:data1\" content=\"1 minute\" \/>\n<script type=\"application\/ld+json\" class=\"yoast-schema-graph\">{\"@context\":\"https:\/\/schema.org\",\"@graph\":[{\"@type\":\"WebPage\",\"@id\":\"https:\/\/asialiving.co\/contact-us\/\",\"url\":\"https:\/\/asialiving.co\/contact-us\/\",\"name\":\"Skontaktuj si\u0119 z nami - AsiaLiving.co\",\"isPartOf\":{\"@id\":\"https:\/\/asialiving.co\/#website\"},\"datePublished\":\"2022-04-09T18:28:46+00:00\",\"dateModified\":\"2024-12-04T06:43:36+00:00\",\"description\":\"Skontaktuj si\u0119 z nami i otrzymaj informacje na temat nieruchomo\u015bci i ciekawych inwestycji w Tajlandii. Kompleksowa obs\u0142uga zapewniona!\",\"breadcrumb\":{\"@id\":\"https:\/\/asialiving.co\/contact-us\/#breadcrumb\"},\"inLanguage\":\"en-US\",\"potentialAction\":[{\"@type\":\"ReadAction\",\"target\":[\"https:\/\/asialiving.co\/contact-us\/\"]}]},{\"@type\":\"BreadcrumbList\",\"@id\":\"https:\/\/asialiving.co\/contact-us\/#breadcrumb\",\"itemListElement\":[{\"@type\":\"ListItem\",\"position\":1,\"name\":\"Strona g\u0142\u00f3wna\",\"item\":\"https:\/\/asialiving.co\/\"},{\"@type\":\"ListItem\",\"position\":2,\"name\":\"Skontaktuj si\u0119 z nami\"}]},{\"@type\":\"WebSite\",\"@id\":\"https:\/\/asialiving.co\/#website\",\"url\":\"https:\/\/asialiving.co\/\",\"name\":\"AsiaLiving.co\",\"description\":\"\",\"publisher\":{\"@id\":\"https:\/\/asialiving.co\/#organization\"},\"potentialAction\":[{\"@type\":\"SearchAction\",\"target\":{\"@type\":\"EntryPoint\",\"urlTemplate\":\"https:\/\/asialiving.co\/?s={search_term_string}\"},\"query-input\":\"required name=search_term_string\"}],\"inLanguage\":\"en-US\"},{\"@type\":\"Organization\",\"@id\":\"https:\/\/asialiving.co\/#organization\",\"name\":\"AsiaLiving.co\",\"url\":\"https:\/\/asialiving.co\/\",\"logo\":{\"@type\":\"ImageObject\",\"inLanguage\":\"en-US\",\"@id\":\"https:\/\/asialiving.co\/#\/schema\/logo\/image\/\",\"url\":\"https:\/\/asialiving.co\/wp-content\/uploads\/2024\/05\/cropped-Initial-H-Letter-Real-Estate-Logo-Design-7.png\",\"contentUrl\":\"https:\/\/asialiving.co\/wp-content\/uploads\/2024\/05\/cropped-Initial-H-Letter-Real-Estate-Logo-Design-7.png\",\"width\":350,\"height\":100,\"caption\":\"AsiaLiving.co\"},\"image\":{\"@id\":\"https:\/\/asialiving.co\/#\/schema\/logo\/image\/\"}}]}<\/script>\n<!-- \/ Yoast SEO Premium plugin. -->","yoast_head_json":{"title":"Skontaktuj si\u0119 z nami - AsiaLiving.co","description":"Skontaktuj si\u0119 z nami i otrzymaj informacje na temat nieruchomo\u015bci i ciekawych inwestycji w Tajlandii. Kompleksowa obs\u0142uga zapewniona!","robots":{"index":"index","follow":"follow","max-snippet":"max-snippet:-1","max-image-preview":"max-image-preview:large","max-video-preview":"max-video-preview:-1"},"canonical":"https:\/\/asialiving.co\/en\/contact-us\/","og_locale":"en_US","og_type":"article","og_title":"Skontaktuj si\u0119 z nami - AsiaLiving.co","og_description":"Skontaktuj si\u0119 z nami i otrzymaj informacje na temat nieruchomo\u015bci i ciekawych inwestycji w Tajlandii. Kompleksowa obs\u0142uga zapewniona!","og_url":"https:\/\/asialiving.co\/en\/contact-us\/","og_site_name":"AsiaLiving.co","article_modified_time":"2024-12-04T06:43:36+00:00","twitter_card":"summary_large_image","twitter_title":"Skontaktuj si\u0119 z nami - AsiaLiving.co","twitter_description":"Skontaktuj si\u0119 z nami i otrzymaj informacje na temat nieruchomo\u015bci i ciekawych inwestycji w Tajlandii. Kompleksowa obs\u0142uga zapewniona!","twitter_misc":{"Est. reading time":"1 minute"},"schema":{"@context":"https:\/\/schema.org","@graph":[{"@type":"WebPage","@id":"https:\/\/asialiving.co\/contact-us\/","url":"https:\/\/asialiving.co\/contact-us\/","name":"Skontaktuj si\u0119 z nami - AsiaLiving.co","isPartOf":{"@id":"https:\/\/asialiving.co\/#website"},"datePublished":"2022-04-09T18:28:46+00:00","dateModified":"2024-12-04T06:43:36+00:00","description":"Skontaktuj si\u0119 z nami i otrzymaj informacje na temat nieruchomo\u015bci i ciekawych inwestycji w Tajlandii. Kompleksowa obs\u0142uga zapewniona!","breadcrumb":{"@id":"https:\/\/asialiving.co\/contact-us\/#breadcrumb"},"inLanguage":"en-US","potentialAction":[{"@type":"ReadAction","target":["https:\/\/asialiving.co\/contact-us\/"]}]},{"@type":"BreadcrumbList","@id":"https:\/\/asialiving.co\/contact-us\/#breadcrumb","itemListElement":[{"@type":"ListItem","position":1,"name":"Strona g\u0142\u00f3wna","item":"https:\/\/asialiving.co\/"},{"@type":"ListItem","position":2,"name":"Skontaktuj si\u0119 z nami"}]},{"@type":"WebSite","@id":"https:\/\/asialiving.co\/#website","url":"https:\/\/asialiving.co\/","name":"AsiaLiving.co","description":"","publisher":{"@id":"https:\/\/asialiving.co\/#organization"},"potentialAction":[{"@type":"SearchAction","target":{"@type":"EntryPoint","urlTemplate":"https:\/\/asialiving.co\/?s={search_term_string}"},"query-input":"required name=search_term_string"}],"inLanguage":"en-US"},{"@type":"Organization","@id":"https:\/\/asialiving.co\/#organization","name":"AsiaLiving.co","url":"https:\/\/asialiving.co\/","logo":{"@type":"ImageObject","inLanguage":"en-US","@id":"https:\/\/asialiving.co\/#\/schema\/logo\/image\/","url":"https:\/\/asialiving.co\/wp-content\/uploads\/2024\/05\/cropped-Initial-H-Letter-Real-Estate-Logo-Design-7.png","contentUrl":"https:\/\/asialiving.co\/wp-content\/uploads\/2024\/05\/cropped-Initial-H-Letter-Real-Estate-Logo-Design-7.png","width":350,"height":100,"caption":"AsiaLiving.co"},"image":{"@id":"https:\/\/asialiving.co\/#\/schema\/logo\/image\/"}}]}},"_links":{"self":[{"href":"https:\/\/asialiving.co\/en\/wp-json\/wp\/v2\/pages\/71"}],"collection":[{"href":"https:\/\/asialiving.co\/en\/wp-json\/wp\/v2\/pages"}],"about":[{"href":"https:\/\/asialiving.co\/en\/wp-json\/wp\/v2\/types\/page"}],"author":[{"embeddable":true,"href":"https:\/\/asialiving.co\/en\/wp-json\/wp\/v2\/users\/1"}],"replies":[{"embeddable":true,"href":"https:\/\/asialiving.co\/en\/wp-json\/wp\/v2\/comments?post=71"}],"version-history":[{"count":7,"href":"https:\/\/asialiving.co\/en\/wp-json\/wp\/v2\/pages\/71\/revisions"}],"predecessor-version":[{"id":368,"href":"https:\/\/asialiving.co\/en\/wp-json\/wp\/v2\/pages\/71\/revisions\/368"}],"wp:attachment":[{"href":"https:\/\/asialiving.co\/en\/wp-json\/wp\/v2\/media?parent=71"}],"curies":[{"name":"wp","href":"https:\/\/api.w.org\/{rel}","templated":true}]}}