{"id":2,"date":"2024-03-07T07:30:00","date_gmt":"2024-03-07T07:30:00","guid":{"rendered":"https:\/\/demo.indithemes.com\/it-residence\/?page_id=2"},"modified":"2024-12-04T05:32:42","modified_gmt":"2024-12-04T05:32:42","slug":"about-us","status":"publish","type":"page","link":"https:\/\/asialiving.co\/et\/about-us\/","title":{"rendered":"Meie kohta"},"content":{"rendered":"<p>Oleme Tais asuv kinnisvarab\u00fcroo. Meie kodulehel leiate k\u00f5ige huvitavamad pakkumised saadaval Tais ja teistes Kagu-Aasia riikides. T\u00e4nu meie kogemustele ja kohalike seaduste tundmisele suudame aidata kliente nende unistuste kinnisvara leidmisel. V\u00f5tke meiega \u00fchendust ja elage Tais, Filipiinidel v\u00f5i Kambod\u017eas koos AsiaLivingiga. Me leiame teile kinnisvara, mida olete otsinud, ja aitame teid k\u00f5igis juriidilistes k\u00fcsimustes, samuti hoolitseme \u00fc\u00fcrimise eest.<\/p>\n\n\n\n<div class=\"wp-block-contact-form-7-contact-form-selector is-style-reach-out\"><div class=\"wpforms-container wpforms-container-full wpforms-render-modern\" id=\"wpforms-320\"><form id=\"wpforms-form-320\" class=\"wpforms-validate wpforms-form wpforms-ajax-form\" data-formid=\"320\" method=\"post\" enctype=\"multipart\/form-data\" action=\"\/et\/wp-json\/wp\/v2\/pages\/2\" data-token=\"29a6af72fd5bf29caa93c0ed1b21ce75\" data-token-time=\"1777670385\" data-trp-original-action=\"\/et\/wp-json\/wp\/v2\/pages\/2\"><noscript class=\"wpforms-error-noscript\">Please enable JavaScript in your browser to complete this form.<\/noscript><div class=\"wpforms-hidden\" id=\"wpforms-error-noscript\">Please enable JavaScript in your browser to complete this form.<\/div><div class=\"wpforms-field-container\"><div id=\"wpforms-320-field_0-container\" class=\"wpforms-field wpforms-field-name\" data-field-id=\"0\"><fieldset><legend class=\"wpforms-field-label\">Nimi <span class=\"wpforms-required-label\" aria-hidden=\"true\">*<\/span><\/legend><div class=\"wpforms-field-row wpforms-field-medium\"><div class=\"wpforms-field-row-block wpforms-first wpforms-one-half\"><input type=\"text\" id=\"wpforms-320-field_0\" class=\"wpforms-field-name-first wpforms-field-required\" name=\"wpforms[fields][0][first]\" aria-errormessage=\"wpforms-320-field_0-error\" required><label for=\"wpforms-320-field_0\" class=\"wpforms-field-sublabel after\">First<\/label><\/div><div class=\"wpforms-field-row-block wpforms-one-half\"><input type=\"text\" id=\"wpforms-320-field_0-last\" class=\"wpforms-field-name-last wpforms-field-required\" name=\"wpforms[fields][0][last]\" aria-errormessage=\"wpforms-320-field_0-last-error\" required><label for=\"wpforms-320-field_0-last\" class=\"wpforms-field-sublabel after\">Last<\/label><\/div><\/div><\/fieldset><\/div><div id=\"wpforms-320-field_1-container\" class=\"wpforms-field wpforms-field-email\" data-field-id=\"1\"><label class=\"wpforms-field-label\" for=\"wpforms-320-field_1\">E-posti aadress <span class=\"wpforms-required-label\" aria-hidden=\"true\">*<\/span><\/label><input type=\"email\" id=\"wpforms-320-field_1\" class=\"wpforms-field-medium wpforms-field-required\" name=\"wpforms[fields][1]\" spellcheck=\"false\" aria-errormessage=\"wpforms-320-field_1-error\" required><\/div><div id=\"wpforms-320-field_2-container\" class=\"wpforms-field wpforms-field-textarea\" data-field-id=\"2\"><label class=\"wpforms-field-label\" for=\"wpforms-320-field_2\">Kommentaar v\u00f5i s\u00f5num<\/label><textarea id=\"wpforms-320-field_2\" class=\"wpforms-field-medium\" name=\"wpforms[fields][2]\" aria-errormessage=\"wpforms-320-field_2-error\" ><\/textarea><\/div><\/div><!-- .wpforms-field-container --><div class=\"wpforms-submit-container\" ><input type=\"hidden\" name=\"wpforms[id]\" value=\"320\"><input type=\"hidden\" name=\"page_title\" value=\"\"><input type=\"hidden\" name=\"page_url\" value=\"https:\/\/asialiving.co\/et\/wp-json\/wp\/v2\/pages\/2\"><button type=\"submit\" name=\"wpforms[submit]\" id=\"wpforms-submit-320\" class=\"wpforms-submit\" data-alt-text=\"Wysy\u0142anie...\" data-submit-text=\"Prze\u015blij\" aria-live=\"assertive\" value=\"wpforms-submit\">Saada<\/button><img loading=\"lazy\" decoding=\"async\" src=\"https:\/\/asialiving.co\/wp-content\/plugins\/wpforms\/assets\/images\/submit-spin.svg\" class=\"wpforms-submit-spinner\" style=\"display: none;\" width=\"26\" height=\"26\" alt=\"Loading\"><\/div><input type=\"hidden\" name=\"trp-form-language\" value=\"et\"\/><\/form><\/div>  <!-- .wpforms-container --><\/div>","protected":false},"excerpt":{"rendered":"<p>Jeste\u015bmy agencj\u0105 nieruchomo\u015bci zlokalizowan\u0105 w Tajlandii. Na naszej witrynie mo\u017cesz znale\u017a\u0107 najciekawsze oferty dost\u0119pne w Tajlandii oraz innych krajach Azji Po\u0142udniowo-Wschodniej. Dzi\u0119ki naszemu do\u015bwiadczeniu i znajomo\u015bci lokalnego prawa jeste\u015bmy w stanie pom\u00f3c klientowi w wyszukaniu nieruchomo\u015bci marze\u0144. Skontaktuj si\u0119 z nami i zamieszkaj w Tajlandii, na Filipinach lub w Kambod\u017cy dzi\u0119ki AsiaLiving. Znajdziemy dla Ciebie [&hellip;]<\/p>","protected":false},"author":1,"featured_media":0,"parent":0,"menu_order":0,"comment_status":"closed","ping_status":"closed","template":"","meta":{"footnotes":""},"yoast_head":"<!-- This site is optimized with the Yoast SEO Premium plugin v22.2 (Yoast SEO v23.0) - https:\/\/yoast.com\/wordpress\/plugins\/seo\/ -->\n<title>O Nas | Agencja Nieruchomo\u015bci w Tajlandii - AsiaLiving.co<\/title>\n<meta name=\"description\" content=\"Je\u015bli marzy Ci si\u0119 inwestycja w Tajlandii, na Filipinach lub w Malezji, z wielk\u0105 ch\u0119ci\u0105 Ci w tym pomo\u017cemy. Nasza agencja zapewni kompleksow\u0105 obs\u0142ug\u0119, dzi\u0119ki kt\u00f3rej Twoja inwestycja stanie si\u0119 bezobs\u0142ugowa.\" \/>\n<meta name=\"robots\" content=\"index, follow, max-snippet:-1, max-image-preview:large, max-video-preview:-1\" \/>\n<link rel=\"canonical\" href=\"https:\/\/asialiving.co\/et\/about-us\/\" \/>\n<meta property=\"og:locale\" content=\"et_EE\" \/>\n<meta property=\"og:type\" content=\"article\" \/>\n<meta property=\"og:title\" content=\"O Nas | Agencja Nieruchomo\u015bci w Tajlandii - AsiaLiving.co\" \/>\n<meta property=\"og:description\" content=\"Je\u015bli marzy Ci si\u0119 inwestycja w Tajlandii, na Filipinach lub w Malezji, z wielk\u0105 ch\u0119ci\u0105 Ci w tym pomo\u017cemy. Nasza agencja zapewni kompleksow\u0105 obs\u0142ug\u0119, dzi\u0119ki kt\u00f3rej Twoja inwestycja stanie si\u0119 bezobs\u0142ugowa.\" \/>\n<meta property=\"og:url\" content=\"https:\/\/asialiving.co\/et\/about-us\/\" \/>\n<meta property=\"og:site_name\" content=\"AsiaLiving.co\" \/>\n<meta property=\"article:modified_time\" content=\"2024-12-04T05:32:42+00:00\" \/>\n<meta property=\"og:image\" content=\"https:\/\/asialiving.co\/wp-content\/uploads\/2024\/10\/25.jpg\" \/>\n\t<meta property=\"og:image:width\" content=\"1600\" \/>\n\t<meta property=\"og:image:height\" content=\"1200\" \/>\n\t<meta property=\"og:image:type\" content=\"image\/jpeg\" \/>\n<meta name=\"twitter:card\" content=\"summary_large_image\" \/>\n<meta name=\"twitter:title\" content=\"O nas\" \/>\n<meta name=\"twitter:label1\" content=\"Est. reading time\" \/>\n\t<meta name=\"twitter:data1\" content=\"1 minut\" \/>\n<script type=\"application\/ld+json\" class=\"yoast-schema-graph\">{\"@context\":\"https:\/\/schema.org\",\"@graph\":[{\"@type\":\"WebPage\",\"@id\":\"https:\/\/asialiving.co\/about-us\/\",\"url\":\"https:\/\/asialiving.co\/about-us\/\",\"name\":\"O Nas | Agencja Nieruchomo\u015bci w Tajlandii - AsiaLiving.co\",\"isPartOf\":{\"@id\":\"https:\/\/asialiving.co\/#website\"},\"datePublished\":\"2024-03-07T07:30:00+00:00\",\"dateModified\":\"2024-12-04T05:32:42+00:00\",\"description\":\"Je\u015bli marzy Ci si\u0119 inwestycja w Tajlandii, na Filipinach lub w Malezji, z wielk\u0105 ch\u0119ci\u0105 Ci w tym pomo\u017cemy. Nasza agencja zapewni kompleksow\u0105 obs\u0142ug\u0119, dzi\u0119ki kt\u00f3rej Twoja inwestycja stanie si\u0119 bezobs\u0142ugowa.\",\"breadcrumb\":{\"@id\":\"https:\/\/asialiving.co\/about-us\/#breadcrumb\"},\"inLanguage\":\"et\",\"potentialAction\":[{\"@type\":\"ReadAction\",\"target\":[\"https:\/\/asialiving.co\/about-us\/\"]}]},{\"@type\":\"BreadcrumbList\",\"@id\":\"https:\/\/asialiving.co\/about-us\/#breadcrumb\",\"itemListElement\":[{\"@type\":\"ListItem\",\"position\":1,\"name\":\"Strona g\u0142\u00f3wna\",\"item\":\"https:\/\/asialiving.co\/\"},{\"@type\":\"ListItem\",\"position\":2,\"name\":\"O nas\"}]},{\"@type\":\"WebSite\",\"@id\":\"https:\/\/asialiving.co\/#website\",\"url\":\"https:\/\/asialiving.co\/\",\"name\":\"AsiaLiving.co\",\"description\":\"\",\"publisher\":{\"@id\":\"https:\/\/asialiving.co\/#organization\"},\"potentialAction\":[{\"@type\":\"SearchAction\",\"target\":{\"@type\":\"EntryPoint\",\"urlTemplate\":\"https:\/\/asialiving.co\/?s={search_term_string}\"},\"query-input\":\"required name=search_term_string\"}],\"inLanguage\":\"et\"},{\"@type\":\"Organization\",\"@id\":\"https:\/\/asialiving.co\/#organization\",\"name\":\"AsiaLiving.co\",\"url\":\"https:\/\/asialiving.co\/\",\"logo\":{\"@type\":\"ImageObject\",\"inLanguage\":\"et\",\"@id\":\"https:\/\/asialiving.co\/#\/schema\/logo\/image\/\",\"url\":\"https:\/\/asialiving.co\/wp-content\/uploads\/2024\/05\/cropped-Initial-H-Letter-Real-Estate-Logo-Design-7.png\",\"contentUrl\":\"https:\/\/asialiving.co\/wp-content\/uploads\/2024\/05\/cropped-Initial-H-Letter-Real-Estate-Logo-Design-7.png\",\"width\":350,\"height\":100,\"caption\":\"AsiaLiving.co\"},\"image\":{\"@id\":\"https:\/\/asialiving.co\/#\/schema\/logo\/image\/\"}}]}<\/script>\n<!-- \/ Yoast SEO Premium plugin. -->","yoast_head_json":{"title":"O Nas | Agencja Nieruchomo\u015bci w Tajlandii - AsiaLiving.co","description":"Je\u015bli marzy Ci si\u0119 inwestycja w Tajlandii, na Filipinach lub w Malezji, z wielk\u0105 ch\u0119ci\u0105 Ci w tym pomo\u017cemy. Nasza agencja zapewni kompleksow\u0105 obs\u0142ug\u0119, dzi\u0119ki kt\u00f3rej Twoja inwestycja stanie si\u0119 bezobs\u0142ugowa.","robots":{"index":"index","follow":"follow","max-snippet":"max-snippet:-1","max-image-preview":"max-image-preview:large","max-video-preview":"max-video-preview:-1"},"canonical":"https:\/\/asialiving.co\/et\/about-us\/","og_locale":"et_EE","og_type":"article","og_title":"O Nas | Agencja Nieruchomo\u015bci w Tajlandii - AsiaLiving.co","og_description":"Je\u015bli marzy Ci si\u0119 inwestycja w Tajlandii, na Filipinach lub w Malezji, z wielk\u0105 ch\u0119ci\u0105 Ci w tym pomo\u017cemy. Nasza agencja zapewni kompleksow\u0105 obs\u0142ug\u0119, dzi\u0119ki kt\u00f3rej Twoja inwestycja stanie si\u0119 bezobs\u0142ugowa.","og_url":"https:\/\/asialiving.co\/et\/about-us\/","og_site_name":"AsiaLiving.co","article_modified_time":"2024-12-04T05:32:42+00:00","og_image":[{"width":1600,"height":1200,"url":"https:\/\/asialiving.co\/wp-content\/uploads\/2024\/10\/25.jpg","type":"image\/jpeg"}],"twitter_card":"summary_large_image","twitter_title":"O nas","twitter_misc":{"Est. reading time":"1 minut"},"schema":{"@context":"https:\/\/schema.org","@graph":[{"@type":"WebPage","@id":"https:\/\/asialiving.co\/about-us\/","url":"https:\/\/asialiving.co\/about-us\/","name":"O Nas | Agencja Nieruchomo\u015bci w Tajlandii - AsiaLiving.co","isPartOf":{"@id":"https:\/\/asialiving.co\/#website"},"datePublished":"2024-03-07T07:30:00+00:00","dateModified":"2024-12-04T05:32:42+00:00","description":"Je\u015bli marzy Ci si\u0119 inwestycja w Tajlandii, na Filipinach lub w Malezji, z wielk\u0105 ch\u0119ci\u0105 Ci w tym pomo\u017cemy. Nasza agencja zapewni kompleksow\u0105 obs\u0142ug\u0119, dzi\u0119ki kt\u00f3rej Twoja inwestycja stanie si\u0119 bezobs\u0142ugowa.","breadcrumb":{"@id":"https:\/\/asialiving.co\/about-us\/#breadcrumb"},"inLanguage":"et","potentialAction":[{"@type":"ReadAction","target":["https:\/\/asialiving.co\/about-us\/"]}]},{"@type":"BreadcrumbList","@id":"https:\/\/asialiving.co\/about-us\/#breadcrumb","itemListElement":[{"@type":"ListItem","position":1,"name":"Strona g\u0142\u00f3wna","item":"https:\/\/asialiving.co\/"},{"@type":"ListItem","position":2,"name":"O nas"}]},{"@type":"WebSite","@id":"https:\/\/asialiving.co\/#website","url":"https:\/\/asialiving.co\/","name":"AsiaLiving.co","description":"","publisher":{"@id":"https:\/\/asialiving.co\/#organization"},"potentialAction":[{"@type":"SearchAction","target":{"@type":"EntryPoint","urlTemplate":"https:\/\/asialiving.co\/?s={search_term_string}"},"query-input":"required name=search_term_string"}],"inLanguage":"et"},{"@type":"Organization","@id":"https:\/\/asialiving.co\/#organization","name":"AsiaLiving.co","url":"https:\/\/asialiving.co\/","logo":{"@type":"ImageObject","inLanguage":"et","@id":"https:\/\/asialiving.co\/#\/schema\/logo\/image\/","url":"https:\/\/asialiving.co\/wp-content\/uploads\/2024\/05\/cropped-Initial-H-Letter-Real-Estate-Logo-Design-7.png","contentUrl":"https:\/\/asialiving.co\/wp-content\/uploads\/2024\/05\/cropped-Initial-H-Letter-Real-Estate-Logo-Design-7.png","width":350,"height":100,"caption":"AsiaLiving.co"},"image":{"@id":"https:\/\/asialiving.co\/#\/schema\/logo\/image\/"}}]}},"_links":{"self":[{"href":"https:\/\/asialiving.co\/et\/wp-json\/wp\/v2\/pages\/2"}],"collection":[{"href":"https:\/\/asialiving.co\/et\/wp-json\/wp\/v2\/pages"}],"about":[{"href":"https:\/\/asialiving.co\/et\/wp-json\/wp\/v2\/types\/page"}],"author":[{"embeddable":true,"href":"https:\/\/asialiving.co\/et\/wp-json\/wp\/v2\/users\/1"}],"replies":[{"embeddable":true,"href":"https:\/\/asialiving.co\/et\/wp-json\/wp\/v2\/comments?post=2"}],"version-history":[{"count":4,"href":"https:\/\/asialiving.co\/et\/wp-json\/wp\/v2\/pages\/2\/revisions"}],"predecessor-version":[{"id":338,"href":"https:\/\/asialiving.co\/et\/wp-json\/wp\/v2\/pages\/2\/revisions\/338"}],"wp:attachment":[{"href":"https:\/\/asialiving.co\/et\/wp-json\/wp\/v2\/media?parent=2"}],"curies":[{"name":"wp","href":"https:\/\/api.w.org\/{rel}","templated":true}]}}