{"id":84,"date":"2022-04-09T19:07:08","date_gmt":"2022-04-09T19:07:08","guid":{"rendered":"https:\/\/demo.indithemes.com\/it-residence-pro\/?page_id=84"},"modified":"2024-12-04T05:30:45","modified_gmt":"2024-12-04T05:30:45","slug":"front-property","status":"publish","type":"page","link":"https:\/\/asialiving.co\/et\/","title":{"rendered":"Front Property"},"content":{"rendered":"<h2 class=\"wp-block-heading has-text-align-center\" style=\"font-size:2.25rem\">Investeeri Taisse ja teistesse Kagu-Aasia riikidesse<\/h2>\n\n\n\n<p class=\"has-text-align-center\">Oleme edukas kinnisvarab\u00fcroo Tais. Me tegeleme m\u00fc\u00fcgi, \u00fc\u00fcrile ja aitab teil osta oma unistuste maja v\u00f5i korteri. T\u00e4nu meie teadmistele Tai kinnisvaraturul, oleme v\u00f5imelised pakkuma oma klientidele professionaalset n\u00f5u ja t\u00f5husat lahendust igale investorile. Meie kodulehel leiate ainult valitud pakkumisi korterite ja majade Tais ja mujal. Me kohandame teie vajadustele ja eelarvele. Kirjutage meile ja alustada koost\u00f6\u00f6d meiega!<\/p>\n\n\n\n<p class=\"has-text-align-center\">Kui otsite maja v\u00f5i korterit Tais, aitame teid ja korraldame k\u00f5ik, et te ei peaks seda ise tegema. Kasuta meie teenuseid ja saa korteriomanikuks p\u00e4ikeselises Aasias. Meie meeskond vastab hea meelega k\u00f5igile teie k\u00fcsimustele ja lepib kokku kohtumise, et teie ootusi veelgi paremini tundma \u00f5ppida.<\/p>\n\n\n<section class=\"featured-locations section center\">\n    <h2 class=\"itre-featured-locations__title section-title\">Meie asukohad<\/h2><div class=\"itre-featured-locations__sections\"><div class=\"itre-featured-locations__section\"><a href=\"https:\/\/asialiving.co\/et\/location\/pattaya\/\" title=\"Pattaya\"><div class=\"itre-featured-locations__location-thumb\"><img loading=\"lazy\" decoding=\"async\" width=\"500\" height=\"500\" src=\"https:\/\/asialiving.co\/wp-content\/uploads\/2024\/05\/pattaya-thailand-photo-500x500.jpg\" class=\"attachment-500x500 size-500x500\" alt=\"Pattaya Thailand Real Estates\" srcset=\"https:\/\/asialiving.co\/wp-content\/uploads\/2024\/05\/pattaya-thailand-photo-500x500.jpg 500w, https:\/\/asialiving.co\/wp-content\/uploads\/2024\/05\/pattaya-thailand-photo-150x150.jpg 150w\" sizes=\"(max-width: 500px) 100vw, 500px\" \/><\/div><\/a><div class=\"itre-featured-locations__location-name\"><h3><a href=\"https:\/\/asialiving.co\/et\/location\/pattaya\/\" title=\"Pattaya\">Pattaya<\/a><\/h3><\/div><\/div><div class=\"itre-featured-locations__section\"><a href=\"https:\/\/asialiving.co\/et\/location\/phuket\/\" title=\"Phuket\"><div class=\"itre-featured-locations__location-thumb\"><img loading=\"lazy\" decoding=\"async\" width=\"500\" height=\"500\" src=\"https:\/\/asialiving.co\/wp-content\/uploads\/2024\/05\/phuket-thailand-photo-500x500.jpg\" class=\"attachment-500x500 size-500x500\" alt=\"Phuket Thailand Real Estates\" srcset=\"https:\/\/asialiving.co\/wp-content\/uploads\/2024\/05\/phuket-thailand-photo-500x500.jpg 500w, https:\/\/asialiving.co\/wp-content\/uploads\/2024\/05\/phuket-thailand-photo-150x150.jpg 150w\" sizes=\"(max-width: 500px) 100vw, 500px\" \/><\/div><\/a><div class=\"itre-featured-locations__location-name\"><h3><a href=\"https:\/\/asialiving.co\/et\/location\/phuket\/\" title=\"Phuket\">Phuket<\/a><\/h3><\/div><\/div><\/div><\/section>\n\n\n<p><\/p>\n\n\n\n<div class=\"wp-block-group is-layout-constrained wp-container-core-group-is-layout-1 wp-block-group-is-layout-constrained\">\n<h2 class=\"wp-block-heading has-text-align-center\" style=\"font-size:2.25rem\">Investeeri koos AsiaLivingiga!<\/h2>\n\n\n\n<p class=\"has-text-align-center\">Kasvatage oma kinnisvara\u00e4ri meie saidi abil. Meie kinnisvara nimekirjad on selektiivsed ja sisaldavad ainult parimaid investeerimisv\u00f5imalusi, et anda teile 8-12% ROI aastas. Hakka n\u00fc\u00fcd meie partneriks ja v\u00f5ta meiega \u00fchendust allpool oleva vormi kaudu.<\/p>\n<\/div>\n\n\n\n<div style=\"height:1.25rem\" aria-hidden=\"true\" class=\"wp-block-spacer\"><\/div>\n\n\n\n<div class=\"wp-block-group is-layout-constrained wp-block-group-is-layout-constrained\">\n<div class=\"wp-block-group is-layout-constrained wp-block-group-is-layout-constrained\"><\/div>\n<\/div>\n\n\n\n<p class=\"has-text-align-center has-medium-font-size\"><\/p>\n\n\n\n<div class=\"wp-block-contact-form-7-contact-form-selector is-style-reach-out\"><div class=\"wpforms-container wpforms-container-full wpforms-render-modern\" id=\"wpforms-320\"><form id=\"wpforms-form-320\" class=\"wpforms-validate wpforms-form wpforms-ajax-form\" data-formid=\"320\" method=\"post\" enctype=\"multipart\/form-data\" action=\"\/et\/wp-json\/wp\/v2\/pages\/84\" data-token=\"784c951df2f3d13a38c775a8a1274bb0\" data-token-time=\"1776610323\" data-trp-original-action=\"\/et\/wp-json\/wp\/v2\/pages\/84\"><noscript class=\"wpforms-error-noscript\">Please enable JavaScript in your browser to complete this form.<\/noscript><div class=\"wpforms-hidden\" id=\"wpforms-error-noscript\">Please enable JavaScript in your browser to complete this form.<\/div><div class=\"wpforms-field-container\"><div id=\"wpforms-320-field_0-container\" class=\"wpforms-field wpforms-field-name\" data-field-id=\"0\"><fieldset><legend class=\"wpforms-field-label\">Nimi <span class=\"wpforms-required-label\" aria-hidden=\"true\">*<\/span><\/legend><div class=\"wpforms-field-row wpforms-field-medium\"><div class=\"wpforms-field-row-block wpforms-first wpforms-one-half\"><input type=\"text\" id=\"wpforms-320-field_0\" class=\"wpforms-field-name-first wpforms-field-required\" name=\"wpforms[fields][0][first]\" aria-errormessage=\"wpforms-320-field_0-error\" required><label for=\"wpforms-320-field_0\" class=\"wpforms-field-sublabel after\">First<\/label><\/div><div class=\"wpforms-field-row-block wpforms-one-half\"><input type=\"text\" id=\"wpforms-320-field_0-last\" class=\"wpforms-field-name-last wpforms-field-required\" name=\"wpforms[fields][0][last]\" aria-errormessage=\"wpforms-320-field_0-last-error\" required><label for=\"wpforms-320-field_0-last\" class=\"wpforms-field-sublabel after\">Last<\/label><\/div><\/div><\/fieldset><\/div><div id=\"wpforms-320-field_1-container\" class=\"wpforms-field wpforms-field-email\" data-field-id=\"1\"><label class=\"wpforms-field-label\" for=\"wpforms-320-field_1\">E-posti aadress <span class=\"wpforms-required-label\" aria-hidden=\"true\">*<\/span><\/label><input type=\"email\" id=\"wpforms-320-field_1\" class=\"wpforms-field-medium wpforms-field-required\" name=\"wpforms[fields][1]\" spellcheck=\"false\" aria-errormessage=\"wpforms-320-field_1-error\" required><\/div><div id=\"wpforms-320-field_2-container\" class=\"wpforms-field wpforms-field-textarea\" data-field-id=\"2\"><label class=\"wpforms-field-label\" for=\"wpforms-320-field_2\">Kommentaar v\u00f5i s\u00f5num<\/label><textarea id=\"wpforms-320-field_2\" class=\"wpforms-field-medium\" name=\"wpforms[fields][2]\" aria-errormessage=\"wpforms-320-field_2-error\" ><\/textarea><\/div><\/div><!-- .wpforms-field-container --><div class=\"wpforms-submit-container\" ><input type=\"hidden\" name=\"wpforms[id]\" value=\"320\"><input type=\"hidden\" name=\"page_title\" value=\"\"><input type=\"hidden\" name=\"page_url\" value=\"https:\/\/asialiving.co\/et\/wp-json\/wp\/v2\/pages\/84\"><button type=\"submit\" name=\"wpforms[submit]\" id=\"wpforms-submit-320\" class=\"wpforms-submit\" data-alt-text=\"Wysy\u0142anie...\" data-submit-text=\"Prze\u015blij\" aria-live=\"assertive\" value=\"wpforms-submit\">Saada<\/button><img loading=\"lazy\" decoding=\"async\" src=\"https:\/\/asialiving.co\/wp-content\/plugins\/wpforms\/assets\/images\/submit-spin.svg\" class=\"wpforms-submit-spinner\" style=\"display: none;\" width=\"26\" height=\"26\" alt=\"Loading\"><\/div><input type=\"hidden\" name=\"trp-form-language\" value=\"et\"\/><\/form><\/div>  <!-- .wpforms-container --><\/div>","protected":false},"excerpt":{"rendered":"<p>Inwestuj w Tajlandii i innych krajach Azji Po\u0142udniowo-Wschodniej Jeste\u015bmy pr\u0119\u017cnie rozwijaj\u0105c\u0105 si\u0119 agencj\u0105 nieruchomo\u015bci w Tajlandii. Zajmujemy si\u0119 sprzeda\u017c\u0105, wynajmem oraz pomo\u017cemy Ci zakupi\u0107 Tw\u00f3j wymarzony dom lub apartament. Dzi\u0119ki znajomo\u015bci rynku nieruchomo\u015bci w Tajlandii jeste\u015bmy w stanie zapewni\u0107 naszym klientom profesjonalne doradztwo i skuteczne rozwi\u0105zanie dla ka\u017cdego inwestora. Na naszej witrynie znajdziesz tylko wyselekcjonowane [&hellip;]<\/p>","protected":false},"author":1,"featured_media":0,"parent":0,"menu_order":0,"comment_status":"closed","ping_status":"closed","template":"template-property-listings.php","meta":{"footnotes":""},"yoast_head":"<!-- This site is optimized with the Yoast SEO Premium plugin v22.2 (Yoast SEO v23.0) - https:\/\/yoast.com\/wordpress\/plugins\/seo\/ -->\n<title>Nieruchomo\u015bci Tajlandia | Inwestycja w Tajlandii - AsiaLiving.co<\/title>\n<meta name=\"description\" content=\"Czy marzysz o zakupie nieruchomo\u015bci w Tajlandii? Nasza agencja Ci w tym pomo\u017ce i przeprowadzi przez ca\u0142y proces zakupu. Pewna inwestycja w Tajlandii i innych krajach Azji.\" \/>\n<meta name=\"robots\" content=\"index, follow, max-snippet:-1, max-image-preview:large, max-video-preview:-1\" \/>\n<link rel=\"canonical\" href=\"https:\/\/asialiving.co\/et\/\" \/>\n<meta property=\"og:locale\" content=\"et_EE\" \/>\n<meta property=\"og:type\" content=\"article\" \/>\n<meta property=\"og:title\" content=\"Nieruchomo\u015bci Tajlandia | Inwestycja w Tajlandii - AsiaLiving.co\" \/>\n<meta property=\"og:description\" content=\"Czy marzysz o zakupie nieruchomo\u015bci w Tajlandii? Nasza agencja Ci w tym pomo\u017ce i przeprowadzi przez ca\u0142y proces zakupu. Pewna inwestycja w Tajlandii i innych krajach Azji.\" \/>\n<meta property=\"og:url\" content=\"https:\/\/asialiving.co\/et\/\" \/>\n<meta property=\"og:site_name\" content=\"AsiaLiving.co\" \/>\n<meta property=\"article:modified_time\" content=\"2024-12-04T05:30:45+00:00\" \/>\n<meta property=\"og:image\" content=\"https:\/\/asialiving.co\/wp-content\/uploads\/2024\/10\/25.jpg\" \/>\n\t<meta property=\"og:image:width\" content=\"1600\" \/>\n\t<meta property=\"og:image:height\" content=\"1200\" \/>\n\t<meta property=\"og:image:type\" content=\"image\/jpeg\" \/>\n<meta name=\"twitter:card\" content=\"summary_large_image\" \/>\n<meta name=\"twitter:title\" content=\"Front Property\" \/>\n<meta name=\"twitter:label1\" content=\"Est. reading time\" \/>\n\t<meta name=\"twitter:data1\" content=\"2 minutit\" \/>\n<script type=\"application\/ld+json\" class=\"yoast-schema-graph\">{\"@context\":\"https:\/\/schema.org\",\"@graph\":[{\"@type\":\"WebPage\",\"@id\":\"https:\/\/asialiving.co\/\",\"url\":\"https:\/\/asialiving.co\/\",\"name\":\"Nieruchomo\u015bci Tajlandia | Inwestycja w Tajlandii - AsiaLiving.co\",\"isPartOf\":{\"@id\":\"https:\/\/asialiving.co\/#website\"},\"datePublished\":\"2022-04-09T19:07:08+00:00\",\"dateModified\":\"2024-12-04T05:30:45+00:00\",\"description\":\"Czy marzysz o zakupie nieruchomo\u015bci w Tajlandii? Nasza agencja Ci w tym pomo\u017ce i przeprowadzi przez ca\u0142y proces zakupu. Pewna inwestycja w Tajlandii i innych krajach Azji.\",\"breadcrumb\":{\"@id\":\"https:\/\/asialiving.co\/#breadcrumb\"},\"inLanguage\":\"et\",\"potentialAction\":[{\"@type\":\"ReadAction\",\"target\":[\"https:\/\/asialiving.co\/\"]}]},{\"@type\":\"BreadcrumbList\",\"@id\":\"https:\/\/asialiving.co\/#breadcrumb\",\"itemListElement\":[{\"@type\":\"ListItem\",\"position\":1,\"name\":\"Strona g\u0142\u00f3wna\",\"item\":\"https:\/\/asialiving.co\/\"},{\"@type\":\"ListItem\",\"position\":2,\"name\":\"Front Property\"}]},{\"@type\":\"WebSite\",\"@id\":\"https:\/\/asialiving.co\/#website\",\"url\":\"https:\/\/asialiving.co\/\",\"name\":\"AsiaLiving.co\",\"description\":\"\",\"publisher\":{\"@id\":\"https:\/\/asialiving.co\/#organization\"},\"potentialAction\":[{\"@type\":\"SearchAction\",\"target\":{\"@type\":\"EntryPoint\",\"urlTemplate\":\"https:\/\/asialiving.co\/?s={search_term_string}\"},\"query-input\":\"required name=search_term_string\"}],\"inLanguage\":\"et\"},{\"@type\":\"Organization\",\"@id\":\"https:\/\/asialiving.co\/#organization\",\"name\":\"AsiaLiving.co\",\"url\":\"https:\/\/asialiving.co\/\",\"logo\":{\"@type\":\"ImageObject\",\"inLanguage\":\"et\",\"@id\":\"https:\/\/asialiving.co\/#\/schema\/logo\/image\/\",\"url\":\"https:\/\/asialiving.co\/wp-content\/uploads\/2024\/05\/cropped-Initial-H-Letter-Real-Estate-Logo-Design-7.png\",\"contentUrl\":\"https:\/\/asialiving.co\/wp-content\/uploads\/2024\/05\/cropped-Initial-H-Letter-Real-Estate-Logo-Design-7.png\",\"width\":350,\"height\":100,\"caption\":\"AsiaLiving.co\"},\"image\":{\"@id\":\"https:\/\/asialiving.co\/#\/schema\/logo\/image\/\"}}]}<\/script>\n<!-- \/ Yoast SEO Premium plugin. -->","yoast_head_json":{"title":"Nieruchomo\u015bci Tajlandia | Inwestycja w Tajlandii - AsiaLiving.co","description":"Czy marzysz o zakupie nieruchomo\u015bci w Tajlandii? Nasza agencja Ci w tym pomo\u017ce i przeprowadzi przez ca\u0142y proces zakupu. Pewna inwestycja w Tajlandii i innych krajach Azji.","robots":{"index":"index","follow":"follow","max-snippet":"max-snippet:-1","max-image-preview":"max-image-preview:large","max-video-preview":"max-video-preview:-1"},"canonical":"https:\/\/asialiving.co\/et\/","og_locale":"et_EE","og_type":"article","og_title":"Nieruchomo\u015bci Tajlandia | Inwestycja w Tajlandii - AsiaLiving.co","og_description":"Czy marzysz o zakupie nieruchomo\u015bci w Tajlandii? Nasza agencja Ci w tym pomo\u017ce i przeprowadzi przez ca\u0142y proces zakupu. Pewna inwestycja w Tajlandii i innych krajach Azji.","og_url":"https:\/\/asialiving.co\/et\/","og_site_name":"AsiaLiving.co","article_modified_time":"2024-12-04T05:30:45+00:00","og_image":[{"width":1600,"height":1200,"url":"https:\/\/asialiving.co\/wp-content\/uploads\/2024\/10\/25.jpg","type":"image\/jpeg"}],"twitter_card":"summary_large_image","twitter_title":"Front Property","twitter_misc":{"Est. reading time":"2 minutit"},"schema":{"@context":"https:\/\/schema.org","@graph":[{"@type":"WebPage","@id":"https:\/\/asialiving.co\/","url":"https:\/\/asialiving.co\/","name":"Nieruchomo\u015bci Tajlandia | Inwestycja w Tajlandii - AsiaLiving.co","isPartOf":{"@id":"https:\/\/asialiving.co\/#website"},"datePublished":"2022-04-09T19:07:08+00:00","dateModified":"2024-12-04T05:30:45+00:00","description":"Czy marzysz o zakupie nieruchomo\u015bci w Tajlandii? Nasza agencja Ci w tym pomo\u017ce i przeprowadzi przez ca\u0142y proces zakupu. Pewna inwestycja w Tajlandii i innych krajach Azji.","breadcrumb":{"@id":"https:\/\/asialiving.co\/#breadcrumb"},"inLanguage":"et","potentialAction":[{"@type":"ReadAction","target":["https:\/\/asialiving.co\/"]}]},{"@type":"BreadcrumbList","@id":"https:\/\/asialiving.co\/#breadcrumb","itemListElement":[{"@type":"ListItem","position":1,"name":"Strona g\u0142\u00f3wna","item":"https:\/\/asialiving.co\/"},{"@type":"ListItem","position":2,"name":"Front Property"}]},{"@type":"WebSite","@id":"https:\/\/asialiving.co\/#website","url":"https:\/\/asialiving.co\/","name":"AsiaLiving.co","description":"","publisher":{"@id":"https:\/\/asialiving.co\/#organization"},"potentialAction":[{"@type":"SearchAction","target":{"@type":"EntryPoint","urlTemplate":"https:\/\/asialiving.co\/?s={search_term_string}"},"query-input":"required name=search_term_string"}],"inLanguage":"et"},{"@type":"Organization","@id":"https:\/\/asialiving.co\/#organization","name":"AsiaLiving.co","url":"https:\/\/asialiving.co\/","logo":{"@type":"ImageObject","inLanguage":"et","@id":"https:\/\/asialiving.co\/#\/schema\/logo\/image\/","url":"https:\/\/asialiving.co\/wp-content\/uploads\/2024\/05\/cropped-Initial-H-Letter-Real-Estate-Logo-Design-7.png","contentUrl":"https:\/\/asialiving.co\/wp-content\/uploads\/2024\/05\/cropped-Initial-H-Letter-Real-Estate-Logo-Design-7.png","width":350,"height":100,"caption":"AsiaLiving.co"},"image":{"@id":"https:\/\/asialiving.co\/#\/schema\/logo\/image\/"}}]}},"_links":{"self":[{"href":"https:\/\/asialiving.co\/et\/wp-json\/wp\/v2\/pages\/84"}],"collection":[{"href":"https:\/\/asialiving.co\/et\/wp-json\/wp\/v2\/pages"}],"about":[{"href":"https:\/\/asialiving.co\/et\/wp-json\/wp\/v2\/types\/page"}],"author":[{"embeddable":true,"href":"https:\/\/asialiving.co\/et\/wp-json\/wp\/v2\/users\/1"}],"replies":[{"embeddable":true,"href":"https:\/\/asialiving.co\/et\/wp-json\/wp\/v2\/comments?post=84"}],"version-history":[{"count":19,"href":"https:\/\/asialiving.co\/et\/wp-json\/wp\/v2\/pages\/84\/revisions"}],"predecessor-version":[{"id":328,"href":"https:\/\/asialiving.co\/et\/wp-json\/wp\/v2\/pages\/84\/revisions\/328"}],"wp:attachment":[{"href":"https:\/\/asialiving.co\/et\/wp-json\/wp\/v2\/media?parent=84"}],"curies":[{"name":"wp","href":"https:\/\/api.w.org\/{rel}","templated":true}]}}