{"id":2,"date":"2024-03-07T07:30:00","date_gmt":"2024-03-07T07:30:00","guid":{"rendered":"https:\/\/demo.indithemes.com\/it-residence\/?page_id=2"},"modified":"2024-12-04T05:32:42","modified_gmt":"2024-12-04T05:32:42","slug":"about-us","status":"publish","type":"page","link":"https:\/\/asialiving.co\/ru\/about-us\/","title":{"rendered":"\u041e \u043d\u0430\u0441"},"content":{"rendered":"<p>\u041c\u044b \u044f\u0432\u043b\u044f\u0435\u043c\u0441\u044f \u0430\u0433\u0435\u043d\u0442\u0441\u0442\u0432\u043e\u043c \u043d\u0435\u0434\u0432\u0438\u0436\u0438\u043c\u043e\u0441\u0442\u0438, \u0440\u0430\u0441\u043f\u043e\u043b\u043e\u0436\u0435\u043d\u043d\u044b\u043c \u0432 \u0422\u0430\u0438\u043b\u0430\u043d\u0434\u0435. \u041d\u0430 \u043d\u0430\u0448\u0435\u043c \u0441\u0430\u0439\u0442\u0435 \u0432\u044b \u043c\u043e\u0436\u0435\u0442\u0435 \u043d\u0430\u0439\u0442\u0438 \u0441\u0430\u043c\u044b\u0435 \u0438\u043d\u0442\u0435\u0440\u0435\u0441\u043d\u044b\u0435 \u043f\u0440\u0435\u0434\u043b\u043e\u0436\u0435\u043d\u0438\u044f, \u0434\u043e\u0441\u0442\u0443\u043f\u043d\u044b\u0435 \u0432 \u0422\u0430\u0438\u043b\u0430\u043d\u0434\u0435 \u0438 \u0434\u0440\u0443\u0433\u0438\u0445 \u0441\u0442\u0440\u0430\u043d\u0430\u0445 \u042e\u0433\u043e-\u0412\u043e\u0441\u0442\u043e\u0447\u043d\u043e\u0439 \u0410\u0437\u0438\u0438. \u0411\u043b\u0430\u0433\u043e\u0434\u0430\u0440\u044f \u043d\u0430\u0448\u0435\u043c\u0443 \u043e\u043f\u044b\u0442\u0443 \u0438 \u0437\u043d\u0430\u043d\u0438\u044e \u043c\u0435\u0441\u0442\u043d\u044b\u0445 \u0437\u0430\u043a\u043e\u043d\u043e\u0432, \u043c\u044b \u043c\u043e\u0436\u0435\u043c \u043f\u043e\u043c\u043e\u0447\u044c \u043a\u043b\u0438\u0435\u043d\u0442\u0443 \u043d\u0430\u0439\u0442\u0438 \u043d\u0435\u0434\u0432\u0438\u0436\u0438\u043c\u043e\u0441\u0442\u044c \u0441\u0432\u043e\u0435\u0439 \u043c\u0435\u0447\u0442\u044b. \u0421\u0432\u044f\u0436\u0438\u0442\u0435\u0441\u044c \u0441 \u043d\u0430\u043c\u0438 \u0438 \u0436\u0438\u0432\u0438\u0442\u0435 \u0432 \u0422\u0430\u0438\u043b\u0430\u043d\u0434\u0435, \u043d\u0430 \u0424\u0438\u043b\u0438\u043f\u043f\u0438\u043d\u0430\u0445 \u0438\u043b\u0438 \u0432 \u041a\u0430\u043c\u0431\u043e\u0434\u0436\u0435 \u0432\u043c\u0435\u0441\u0442\u0435 \u0441 AsiaLiving. \u041c\u044b \u043d\u0430\u0439\u0434\u0435\u043c \u0434\u043b\u044f \u0432\u0430\u0441 \u043d\u0435\u0434\u0432\u0438\u0436\u0438\u043c\u043e\u0441\u0442\u044c, \u043a\u043e\u0442\u043e\u0440\u0443\u044e \u0432\u044b \u0438\u0441\u043a\u0430\u043b\u0438, \u043f\u043e\u043c\u043e\u0436\u0435\u043c \u0440\u0435\u0448\u0438\u0442\u044c \u0432\u0441\u0435 \u044e\u0440\u0438\u0434\u0438\u0447\u0435\u0441\u043a\u0438\u0435 \u0432\u043e\u043f\u0440\u043e\u0441\u044b, \u0430 \u0442\u0430\u043a\u0436\u0435 \u043f\u043e\u0437\u0430\u0431\u043e\u0442\u0438\u043c\u0441\u044f \u043e\u0431 \u0430\u0440\u0435\u043d\u0434\u0435.<\/p>\n\n\n\n<div class=\"wp-block-contact-form-7-contact-form-selector is-style-reach-out\"><div class=\"wpforms-container wpforms-container-full wpforms-render-modern\" id=\"wpforms-320\"><form id=\"wpforms-form-320\" class=\"wpforms-validate wpforms-form wpforms-ajax-form\" data-formid=\"320\" method=\"post\" enctype=\"multipart\/form-data\" action=\"\/ru\/wp-json\/wp\/v2\/pages\/2\" data-token=\"c00f8a1af6503b1dfaaf7a0da9d9b457\" data-token-time=\"1776183249\" data-trp-original-action=\"\/ru\/wp-json\/wp\/v2\/pages\/2\"><noscript class=\"wpforms-error-noscript\">\u0414\u043b\u044f \u0437\u0430\u043f\u043e\u043b\u043d\u0435\u043d\u0438\u044f \u0434\u0430\u043d\u043d\u043e\u0439 \u0444\u043e\u0440\u043c\u044b \u0432\u043a\u043b\u044e\u0447\u0438\u0442\u0435 JavaScript \u0432 \u0431\u0440\u0430\u0443\u0437\u0435\u0440\u0435.<\/noscript><div class=\"wpforms-hidden\" id=\"wpforms-error-noscript\">\u0414\u043b\u044f \u0437\u0430\u043f\u043e\u043b\u043d\u0435\u043d\u0438\u044f \u0434\u0430\u043d\u043d\u043e\u0439 \u0444\u043e\u0440\u043c\u044b \u0432\u043a\u043b\u044e\u0447\u0438\u0442\u0435 JavaScript \u0432 \u0431\u0440\u0430\u0443\u0437\u0435\u0440\u0435.<\/div><div class=\"wpforms-field-container\"><div id=\"wpforms-320-field_0-container\" class=\"wpforms-field wpforms-field-name\" data-field-id=\"0\"><fieldset><legend class=\"wpforms-field-label\">\u0418\u043c\u044f <span class=\"wpforms-required-label\" aria-hidden=\"true\">*<\/span><\/legend><div class=\"wpforms-field-row wpforms-field-medium\"><div class=\"wpforms-field-row-block wpforms-first wpforms-one-half\"><input type=\"text\" id=\"wpforms-320-field_0\" class=\"wpforms-field-name-first wpforms-field-required\" name=\"wpforms[fields][0][first]\" aria-errormessage=\"wpforms-320-field_0-error\" required><label for=\"wpforms-320-field_0\" class=\"wpforms-field-sublabel after\">\u0418\u043c\u044f<\/label><\/div><div class=\"wpforms-field-row-block wpforms-one-half\"><input type=\"text\" id=\"wpforms-320-field_0-last\" class=\"wpforms-field-name-last wpforms-field-required\" name=\"wpforms[fields][0][last]\" aria-errormessage=\"wpforms-320-field_0-last-error\" required><label for=\"wpforms-320-field_0-last\" class=\"wpforms-field-sublabel after\">\u0424\u0430\u043c\u0438\u043b\u0438\u044f<\/label><\/div><\/div><\/fieldset><\/div><div id=\"wpforms-320-field_1-container\" class=\"wpforms-field wpforms-field-email\" data-field-id=\"1\"><label class=\"wpforms-field-label\" for=\"wpforms-320-field_1\">\u0410\u0434\u0440\u0435\u0441 \u044d\u043b\u0435\u043a\u0442\u0440\u043e\u043d\u043d\u043e\u0439 \u043f\u043e\u0447\u0442\u044b <span class=\"wpforms-required-label\" aria-hidden=\"true\">*<\/span><\/label><input type=\"email\" id=\"wpforms-320-field_1\" class=\"wpforms-field-medium wpforms-field-required\" name=\"wpforms[fields][1]\" spellcheck=\"false\" aria-errormessage=\"wpforms-320-field_1-error\" required><\/div><div id=\"wpforms-320-field_2-container\" class=\"wpforms-field wpforms-field-textarea\" data-field-id=\"2\"><label class=\"wpforms-field-label\" for=\"wpforms-320-field_2\">\u041a\u043e\u043c\u043c\u0435\u043d\u0442\u0430\u0440\u0438\u0439 \u0438\u043b\u0438 \u0441\u043e\u043e\u0431\u0449\u0435\u043d\u0438\u0435<\/label><textarea id=\"wpforms-320-field_2\" class=\"wpforms-field-medium\" name=\"wpforms[fields][2]\" aria-errormessage=\"wpforms-320-field_2-error\" ><\/textarea><\/div><\/div><!-- .wpforms-field-container --><div class=\"wpforms-submit-container\" ><input type=\"hidden\" name=\"wpforms[id]\" value=\"320\"><input type=\"hidden\" name=\"page_title\" value=\"\"><input type=\"hidden\" name=\"page_url\" value=\"https:\/\/asialiving.co\/ru\/wp-json\/wp\/v2\/pages\/2\"><button type=\"submit\" name=\"wpforms[submit]\" id=\"wpforms-submit-320\" class=\"wpforms-submit\" data-alt-text=\"Wysy\u0142anie...\" data-submit-text=\"Prze\u015blij\" aria-live=\"assertive\" value=\"wpforms-submit\">\u041e\u0442\u043f\u0440\u0430\u0432\u0438\u0442\u044c<\/button><img loading=\"lazy\" decoding=\"async\" src=\"https:\/\/asialiving.co\/wp-content\/plugins\/wpforms\/assets\/images\/submit-spin.svg\" class=\"wpforms-submit-spinner\" style=\"display: none;\" width=\"26\" height=\"26\" alt=\"\u0417\u0430\u0433\u0440\u0443\u0437\u043a\u0430\"><\/div><input type=\"hidden\" name=\"trp-form-language\" value=\"ru\"\/><\/form><\/div>  <!-- .wpforms-container --><\/div>","protected":false},"excerpt":{"rendered":"<p>Jeste\u015bmy agencj\u0105 nieruchomo\u015bci zlokalizowan\u0105 w Tajlandii. Na naszej witrynie mo\u017cesz znale\u017a\u0107 najciekawsze oferty dost\u0119pne w Tajlandii oraz innych krajach Azji Po\u0142udniowo-Wschodniej. Dzi\u0119ki naszemu do\u015bwiadczeniu i znajomo\u015bci lokalnego prawa jeste\u015bmy w stanie pom\u00f3c klientowi w wyszukaniu nieruchomo\u015bci marze\u0144. Skontaktuj si\u0119 z nami i zamieszkaj w Tajlandii, na Filipinach lub w Kambod\u017cy dzi\u0119ki AsiaLiving. Znajdziemy dla Ciebie [&hellip;]<\/p>","protected":false},"author":1,"featured_media":0,"parent":0,"menu_order":0,"comment_status":"closed","ping_status":"closed","template":"","meta":{"footnotes":""},"yoast_head":"<!-- This site is optimized with the Yoast SEO Premium plugin v22.2 (Yoast SEO v23.0) - https:\/\/yoast.com\/wordpress\/plugins\/seo\/ -->\n<title>O Nas | Agencja Nieruchomo\u015bci w Tajlandii - AsiaLiving.co<\/title>\n<meta name=\"description\" content=\"Je\u015bli marzy Ci si\u0119 inwestycja w Tajlandii, na Filipinach lub w Malezji, z wielk\u0105 ch\u0119ci\u0105 Ci w tym pomo\u017cemy. Nasza agencja zapewni kompleksow\u0105 obs\u0142ug\u0119, dzi\u0119ki kt\u00f3rej Twoja inwestycja stanie si\u0119 bezobs\u0142ugowa.\" \/>\n<meta name=\"robots\" content=\"index, follow, max-snippet:-1, max-image-preview:large, max-video-preview:-1\" \/>\n<link rel=\"canonical\" href=\"https:\/\/asialiving.co\/ru\/about-us\/\" \/>\n<meta property=\"og:locale\" content=\"ru_RU\" \/>\n<meta property=\"og:type\" content=\"article\" \/>\n<meta property=\"og:title\" content=\"O Nas | Agencja Nieruchomo\u015bci w Tajlandii - AsiaLiving.co\" \/>\n<meta property=\"og:description\" content=\"Je\u015bli marzy Ci si\u0119 inwestycja w Tajlandii, na Filipinach lub w Malezji, z wielk\u0105 ch\u0119ci\u0105 Ci w tym pomo\u017cemy. Nasza agencja zapewni kompleksow\u0105 obs\u0142ug\u0119, dzi\u0119ki kt\u00f3rej Twoja inwestycja stanie si\u0119 bezobs\u0142ugowa.\" \/>\n<meta property=\"og:url\" content=\"https:\/\/asialiving.co\/ru\/about-us\/\" \/>\n<meta property=\"og:site_name\" content=\"AsiaLiving.co\" \/>\n<meta property=\"article:modified_time\" content=\"2024-12-04T05:32:42+00:00\" \/>\n<meta property=\"og:image\" content=\"https:\/\/asialiving.co\/wp-content\/uploads\/2024\/10\/25.jpg\" \/>\n\t<meta property=\"og:image:width\" content=\"1600\" \/>\n\t<meta property=\"og:image:height\" content=\"1200\" \/>\n\t<meta property=\"og:image:type\" content=\"image\/jpeg\" \/>\n<meta name=\"twitter:card\" content=\"summary_large_image\" \/>\n<meta name=\"twitter:title\" content=\"O nas\" \/>\n<meta name=\"twitter:label1\" content=\"\u041f\u0440\u0438\u043c\u0435\u0440\u043d\u043e\u0435 \u0432\u0440\u0435\u043c\u044f \u0434\u043b\u044f \u0447\u0442\u0435\u043d\u0438\u044f\" \/>\n\t<meta name=\"twitter:data1\" content=\"1 \u043c\u0438\u043d\u0443\u0442\u0430\" \/>\n<script type=\"application\/ld+json\" class=\"yoast-schema-graph\">{\"@context\":\"https:\/\/schema.org\",\"@graph\":[{\"@type\":\"WebPage\",\"@id\":\"https:\/\/asialiving.co\/about-us\/\",\"url\":\"https:\/\/asialiving.co\/about-us\/\",\"name\":\"O Nas | Agencja Nieruchomo\u015bci w Tajlandii - AsiaLiving.co\",\"isPartOf\":{\"@id\":\"https:\/\/asialiving.co\/#website\"},\"datePublished\":\"2024-03-07T07:30:00+00:00\",\"dateModified\":\"2024-12-04T05:32:42+00:00\",\"description\":\"Je\u015bli marzy Ci si\u0119 inwestycja w Tajlandii, na Filipinach lub w Malezji, z wielk\u0105 ch\u0119ci\u0105 Ci w tym pomo\u017cemy. Nasza agencja zapewni kompleksow\u0105 obs\u0142ug\u0119, dzi\u0119ki kt\u00f3rej Twoja inwestycja stanie si\u0119 bezobs\u0142ugowa.\",\"breadcrumb\":{\"@id\":\"https:\/\/asialiving.co\/about-us\/#breadcrumb\"},\"inLanguage\":\"ru-RU\",\"potentialAction\":[{\"@type\":\"ReadAction\",\"target\":[\"https:\/\/asialiving.co\/about-us\/\"]}]},{\"@type\":\"BreadcrumbList\",\"@id\":\"https:\/\/asialiving.co\/about-us\/#breadcrumb\",\"itemListElement\":[{\"@type\":\"ListItem\",\"position\":1,\"name\":\"Strona g\u0142\u00f3wna\",\"item\":\"https:\/\/asialiving.co\/\"},{\"@type\":\"ListItem\",\"position\":2,\"name\":\"O nas\"}]},{\"@type\":\"WebSite\",\"@id\":\"https:\/\/asialiving.co\/#website\",\"url\":\"https:\/\/asialiving.co\/\",\"name\":\"AsiaLiving.co\",\"description\":\"\",\"publisher\":{\"@id\":\"https:\/\/asialiving.co\/#organization\"},\"potentialAction\":[{\"@type\":\"SearchAction\",\"target\":{\"@type\":\"EntryPoint\",\"urlTemplate\":\"https:\/\/asialiving.co\/?s={search_term_string}\"},\"query-input\":\"required name=search_term_string\"}],\"inLanguage\":\"ru-RU\"},{\"@type\":\"Organization\",\"@id\":\"https:\/\/asialiving.co\/#organization\",\"name\":\"AsiaLiving.co\",\"url\":\"https:\/\/asialiving.co\/\",\"logo\":{\"@type\":\"ImageObject\",\"inLanguage\":\"ru-RU\",\"@id\":\"https:\/\/asialiving.co\/#\/schema\/logo\/image\/\",\"url\":\"https:\/\/asialiving.co\/wp-content\/uploads\/2024\/05\/cropped-Initial-H-Letter-Real-Estate-Logo-Design-7.png\",\"contentUrl\":\"https:\/\/asialiving.co\/wp-content\/uploads\/2024\/05\/cropped-Initial-H-Letter-Real-Estate-Logo-Design-7.png\",\"width\":350,\"height\":100,\"caption\":\"AsiaLiving.co\"},\"image\":{\"@id\":\"https:\/\/asialiving.co\/#\/schema\/logo\/image\/\"}}]}<\/script>\n<!-- \/ Yoast SEO Premium plugin. -->","yoast_head_json":{"title":"O Nas | Agencja Nieruchomo\u015bci w Tajlandii - AsiaLiving.co","description":"Je\u015bli marzy Ci si\u0119 inwestycja w Tajlandii, na Filipinach lub w Malezji, z wielk\u0105 ch\u0119ci\u0105 Ci w tym pomo\u017cemy. Nasza agencja zapewni kompleksow\u0105 obs\u0142ug\u0119, dzi\u0119ki kt\u00f3rej Twoja inwestycja stanie si\u0119 bezobs\u0142ugowa.","robots":{"index":"index","follow":"follow","max-snippet":"max-snippet:-1","max-image-preview":"max-image-preview:large","max-video-preview":"max-video-preview:-1"},"canonical":"https:\/\/asialiving.co\/ru\/about-us\/","og_locale":"ru_RU","og_type":"article","og_title":"O Nas | Agencja Nieruchomo\u015bci w Tajlandii - AsiaLiving.co","og_description":"Je\u015bli marzy Ci si\u0119 inwestycja w Tajlandii, na Filipinach lub w Malezji, z wielk\u0105 ch\u0119ci\u0105 Ci w tym pomo\u017cemy. Nasza agencja zapewni kompleksow\u0105 obs\u0142ug\u0119, dzi\u0119ki kt\u00f3rej Twoja inwestycja stanie si\u0119 bezobs\u0142ugowa.","og_url":"https:\/\/asialiving.co\/ru\/about-us\/","og_site_name":"AsiaLiving.co","article_modified_time":"2024-12-04T05:32:42+00:00","og_image":[{"width":1600,"height":1200,"url":"https:\/\/asialiving.co\/wp-content\/uploads\/2024\/10\/25.jpg","type":"image\/jpeg"}],"twitter_card":"summary_large_image","twitter_title":"O nas","twitter_misc":{"\u041f\u0440\u0438\u043c\u0435\u0440\u043d\u043e\u0435 \u0432\u0440\u0435\u043c\u044f \u0434\u043b\u044f \u0447\u0442\u0435\u043d\u0438\u044f":"1 \u043c\u0438\u043d\u0443\u0442\u0430"},"schema":{"@context":"https:\/\/schema.org","@graph":[{"@type":"WebPage","@id":"https:\/\/asialiving.co\/about-us\/","url":"https:\/\/asialiving.co\/about-us\/","name":"O Nas | Agencja Nieruchomo\u015bci w Tajlandii - AsiaLiving.co","isPartOf":{"@id":"https:\/\/asialiving.co\/#website"},"datePublished":"2024-03-07T07:30:00+00:00","dateModified":"2024-12-04T05:32:42+00:00","description":"Je\u015bli marzy Ci si\u0119 inwestycja w Tajlandii, na Filipinach lub w Malezji, z wielk\u0105 ch\u0119ci\u0105 Ci w tym pomo\u017cemy. Nasza agencja zapewni kompleksow\u0105 obs\u0142ug\u0119, dzi\u0119ki kt\u00f3rej Twoja inwestycja stanie si\u0119 bezobs\u0142ugowa.","breadcrumb":{"@id":"https:\/\/asialiving.co\/about-us\/#breadcrumb"},"inLanguage":"ru-RU","potentialAction":[{"@type":"ReadAction","target":["https:\/\/asialiving.co\/about-us\/"]}]},{"@type":"BreadcrumbList","@id":"https:\/\/asialiving.co\/about-us\/#breadcrumb","itemListElement":[{"@type":"ListItem","position":1,"name":"Strona g\u0142\u00f3wna","item":"https:\/\/asialiving.co\/"},{"@type":"ListItem","position":2,"name":"O nas"}]},{"@type":"WebSite","@id":"https:\/\/asialiving.co\/#website","url":"https:\/\/asialiving.co\/","name":"AsiaLiving.co","description":"","publisher":{"@id":"https:\/\/asialiving.co\/#organization"},"potentialAction":[{"@type":"SearchAction","target":{"@type":"EntryPoint","urlTemplate":"https:\/\/asialiving.co\/?s={search_term_string}"},"query-input":"required name=search_term_string"}],"inLanguage":"ru-RU"},{"@type":"Organization","@id":"https:\/\/asialiving.co\/#organization","name":"AsiaLiving.co","url":"https:\/\/asialiving.co\/","logo":{"@type":"ImageObject","inLanguage":"ru-RU","@id":"https:\/\/asialiving.co\/#\/schema\/logo\/image\/","url":"https:\/\/asialiving.co\/wp-content\/uploads\/2024\/05\/cropped-Initial-H-Letter-Real-Estate-Logo-Design-7.png","contentUrl":"https:\/\/asialiving.co\/wp-content\/uploads\/2024\/05\/cropped-Initial-H-Letter-Real-Estate-Logo-Design-7.png","width":350,"height":100,"caption":"AsiaLiving.co"},"image":{"@id":"https:\/\/asialiving.co\/#\/schema\/logo\/image\/"}}]}},"_links":{"self":[{"href":"https:\/\/asialiving.co\/ru\/wp-json\/wp\/v2\/pages\/2"}],"collection":[{"href":"https:\/\/asialiving.co\/ru\/wp-json\/wp\/v2\/pages"}],"about":[{"href":"https:\/\/asialiving.co\/ru\/wp-json\/wp\/v2\/types\/page"}],"author":[{"embeddable":true,"href":"https:\/\/asialiving.co\/ru\/wp-json\/wp\/v2\/users\/1"}],"replies":[{"embeddable":true,"href":"https:\/\/asialiving.co\/ru\/wp-json\/wp\/v2\/comments?post=2"}],"version-history":[{"count":4,"href":"https:\/\/asialiving.co\/ru\/wp-json\/wp\/v2\/pages\/2\/revisions"}],"predecessor-version":[{"id":338,"href":"https:\/\/asialiving.co\/ru\/wp-json\/wp\/v2\/pages\/2\/revisions\/338"}],"wp:attachment":[{"href":"https:\/\/asialiving.co\/ru\/wp-json\/wp\/v2\/media?parent=2"}],"curies":[{"name":"wp","href":"https:\/\/api.w.org\/{rel}","templated":true}]}}